{"id":287,"date":"2022-11-22T09:57:42","date_gmt":"2022-11-22T08:57:42","guid":{"rendered":"https:\/\/schunck.cloth.be\/protection-des-donnees\/"},"modified":"2022-12-23T09:26:22","modified_gmt":"2022-12-23T08:26:22","slug":"protection-des-donnees","status":"publish","type":"page","link":"https:\/\/apotheke-schunck.com\/fr\/protection-des-donnees\/","title":{"rendered":"Protection des donn\u00e9es"},"content":{"rendered":"<div class=\"mws\">\n<div class=\"data\">\n<h3 class=\"heading\">Protection des donn\u00e9es<\/h3>\n<p>Responsable de la collecte, du traitement et de l\u2019utilisation de vos donn\u00e9es personnelles au sens de l\u2019article 4 n \u00b0 7 du RGPD<\/p>\n<p><strong>PHARMACIE SCHUNCK<\/strong><\/p>\n<p>Tel.: <a href=\"tel:+3287742054\">+32 (0)87 74 20 54<\/a><br \/>\nE-Mail: <a href=\"mailto:info@apotheke-schunck.com\">info@apotheke-schunck.com<\/a><\/p>\n<p>Si vous souhaitez vous opposer \u00e0 la collecte, au traitement ou \u00e0 l&#8217;utilisation de vos donn\u00e9es par nos soins conform\u00e9ment \u00e0 la pr\u00e9sente politique de confidentialit\u00e9, dans son ensemble ou pour certaines mesures, vous pouvez adresser votre opposition au responsable du traitement. La pr\u00e9sente d\u00e9claration de protection des donn\u00e9es a pour but d&#8217;informer les utilisateurs de ce site web sur la nature, l&#8217;\u00e9tendue et la finalit\u00e9 de la collecte et de l&#8217;utilisation des donn\u00e9es personnelles par l&#8217;exploitant du site web. L&#8217;exploitant du site web prend votre protection des donn\u00e9es tr\u00e8s au s\u00e9rieux et traite vos donn\u00e9es personnelles de mani\u00e8re confidentielle et conform\u00e9ment aux dispositions l\u00e9gales. Comme les nouvelles technologies et le d\u00e9veloppement constant de ce site web peuvent entra\u00eener des modifications de cette d\u00e9claration de protection des donn\u00e9es, nous vous recommandons de la relire \u00e0 intervalles r\u00e9guliers. Vous trouverez les d\u00e9finitions des termes utilis\u00e9s (par ex. &#8220;donn\u00e9es \u00e0 caract\u00e8re personnel&#8221; ou &#8220;traitement&#8221;) \u00e0 l&#8217;article 4 du RGPD.<\/p>\n<h3>Effacement des donn\u00e9es et dur\u00e9e de conservation<\/h3>\n<p>Les donn\u00e9es \u00e0 caract\u00e8re personnel de la personne concern\u00e9e sont effac\u00e9es ou bloqu\u00e9es d\u00e8s que la finalit\u00e9 du stockage n&#8217;a plus lieu d&#8217;\u00eatre. Un stockage peut en outre avoir lieu si le l\u00e9gislateur europ\u00e9en ou national l&#8217;a pr\u00e9vu dans des r\u00e8glements, lois ou autres dispositions du droit de l&#8217;Union auxquels le responsable est soumis. Les donn\u00e9es sont \u00e9galement bloqu\u00e9es ou effac\u00e9es lorsqu&#8217;un d\u00e9lai de stockage prescrit par les normes mentionn\u00e9es expire, \u00e0 moins qu&#8217;il ne soit n\u00e9cessaire de continuer \u00e0 stocker les donn\u00e9es pour la conclusion ou l&#8217;ex\u00e9cution d&#8217;un contrat.<\/p>\n<h3>Donn\u00e9es d&#8217;acc\u00e8s<\/h3>\n<p>En raison de notre int\u00e9r\u00eat l\u00e9gitime (cf. art. 6, paragraphe 1, point f. RGPD), nous, l&#8217;exploitant du site web ou le fournisseur du site, collectons des donn\u00e9es sur les acc\u00e8s au site web et les enregistrons en tant que &#8220;fichiers journaux du serveur&#8221; sur le serveur du site web. Les donn\u00e9es suivantes sont ainsi consign\u00e9es :<\/p>\n<ul>\n<li>Site web visit\u00e9<\/li>\n<li>Heure au moment de l&#8217;acc\u00e8s<\/li>\n<li>Quantit\u00e9 de donn\u00e9es envoy\u00e9es en octets<\/li>\n<li>Source\/renvoi \u00e0 partir duquel vous \u00eates arriv\u00e9 sur le site<\/li>\n<li>Navigateur utilis\u00e9<\/li>\n<li>Syst\u00e8me d&#8217;exploitation utilis\u00e9<\/li>\n<li>Adresse IP utilis\u00e9e<\/li>\n<\/ul>\n<p>Les fichiers journaux du serveur sont enregistr\u00e9s pour une dur\u00e9e maximale de 180 jours et sont ensuite supprim\u00e9s. L&#8217;enregistrement des donn\u00e9es est effectu\u00e9 pour des raisons de s\u00e9curit\u00e9, par exemple pour pouvoir \u00e9lucider des cas d&#8217;abus. Si des donn\u00e9es doivent \u00eatre conserv\u00e9es pour des raisons de preuve, elles sont exclues de la suppression jusqu&#8217;\u00e0 ce que l&#8217;incident soit d\u00e9finitivement clarifi\u00e9. La saisie des donn\u00e9es pour la mise \u00e0 disposition du site web et l&#8217;enregistrement des donn\u00e9es dans des fichiers journaux sont absolument n\u00e9cessaires pour le fonctionnement du site web. L&#8217;utilisateur ne peut donc pas s&#8217;y opposer.<\/p>\n<p>Collecte et traitement des donn\u00e9es \u00e0 caract\u00e8re personnel<\/p>\n<p>L&#8217;exploitant du site Internet ne collecte, n&#8217;utilise et ne transmet vos donn\u00e9es personnelles que si cela est autoris\u00e9 dans le cadre l\u00e9gal ou si vous consentez \u00e0 la collecte des donn\u00e9es. Sont consid\u00e9r\u00e9es comme donn\u00e9es personnelles toutes les informations qui servent \u00e0 vous identifier et qui peuvent \u00eatre retrac\u00e9es jusqu&#8217;\u00e0 vous &#8211; donc par exemple votre nom, votre adresse e-mail et votre num\u00e9ro de t\u00e9l\u00e9phone. Vous pouvez \u00e9galement visiter ce site web sans fournir d&#8217;informations sur votre personne. Afin d&#8217;am\u00e9liorer notre offre en ligne, nous enregistrons toutefois (sans r\u00e9f\u00e9rence personnelle) vos donn\u00e9es d&#8217;acc\u00e8s \u00e0 ce site web. Ces donn\u00e9es d&#8217;acc\u00e8s comprennent par exemple le fichier que vous avez demand\u00e9 ou le nom de votre fournisseur d&#8217;acc\u00e8s Internet. L&#8217;anonymisation des donn\u00e9es ne permet pas de tirer des conclusions sur votre personne.<\/p>\n<ol>\n<li><strong>Lesquelles ?\u00a0<\/strong>\u00a0&#8211; Nous traitons des donn\u00e9es \u00e0 caract\u00e8re personnel telles que le pr\u00e9nom, le nom, l&#8217;adresse IP, l&#8217;adresse e-mail, le lieu de r\u00e9sidence, le code postal et les donn\u00e9es de contenu du formulaire de contact.<\/li>\n<li><strong>Comment ?<\/strong> &#8211; Nous ne traitons les donn\u00e9es \u00e0 caract\u00e8re personnel qu&#8217;apr\u00e8s avoir obtenu l&#8217;autorisation expresse des utilisateurs concern\u00e9s et dans le respect des dispositions applicables en mati\u00e8re de protection des donn\u00e9es.<\/li>\n<li><strong>Pourquoi ?<\/strong> &#8211; Le traitement des donn\u00e9es personnelles est effectu\u00e9 sur la base de notre int\u00e9r\u00eat l\u00e9gitime \u00e0 remplir les prestations convenues par contrat et \u00e0 optimiser notre offre en ligne.<\/li>\n<\/ol>\n<h3>WP Statistics<\/h3>\n<p>Nous utilisons sur notre site web le plug-in d&#8217;analyse &#8220;WP Statistics&#8221;. Ce plugin nous fournit des statistiques simples sur la mani\u00e8re dont vous utilisez notre site web en tant qu&#8217;utilisateur. Dans la pr\u00e9sente d\u00e9claration de protection des donn\u00e9es, nous expliquons plus en d\u00e9tail l&#8217;outil d&#8217;analyse et vous indiquons quelles donn\u00e9es sont enregistr\u00e9es, o\u00f9 et pendant combien de temps. WP Statistics peut collecter des donn\u00e9es sur le temps que vous passez sur notre site web, les sous-pages que vous visitez, le nombre de visiteurs sur le site web ou le site web \u00e0 partir duquel vous \u00eates arriv\u00e9 chez nous. WP Statistics n&#8217;utilise pas de cookies et les donn\u00e9es collect\u00e9es ne permettent pas de vous identifier en tant qu&#8217;individu.<\/p>\n<p><strong>Quelles donn\u00e9es sont enregistr\u00e9es par WP Statistics ?<\/strong><\/p>\n<p>WP Statistics n&#8217;utilise pas de cookies et se contente d&#8217;\u00e9tablir des statistiques anonymes sur l&#8217;utilisation de notre site web \u00e0 partir des donn\u00e9es collect\u00e9es. WP Statistics rend \u00e9galement votre adresse IP anonyme. Vous ne pouvez pas \u00eatre identifi\u00e9 en tant que personne.<br \/>\nWP Statistics collecte les donn\u00e9es des visiteurs lorsque votre navigateur web se connecte \u00e0 notre serveur web. Ces donn\u00e9es sont stock\u00e9es dans notre base de donn\u00e9es sur notre serveur. Il s&#8217;agit par exemple de :<\/p>\n<ul>\n<li>l&#8217;URL de la page web consult\u00e9e<\/li>\n<li>le navigateur et la version du navigateur<\/li>\n<li>le syst\u00e8me d&#8217;exploitation utilis\u00e9<\/li>\n<li>l&#8217;URL de la page visit\u00e9e pr\u00e9c\u00e9demment (Referrer URL)<\/li>\n<li>le nom d&#8217;h\u00f4te et l&#8217;adresse IP (anonymis\u00e9e) de l&#8217;appareil \u00e0 partir duquel l&#8217;acc\u00e8s a eu lieu<\/li>\n<li>la date et l&#8217;heure<\/li>\n<li>informations sur le pays\/la ville<\/li>\n<li>le nombre de visiteurs provenant d&#8217;un moteur de recherche<\/li>\n<li>dur\u00e9e de la visite du site web<\/li>\n<li>Clics sur le site web<\/li>\n<\/ul>\n<p>Les donn\u00e9es ne sont pas transmises ni vendues.<\/p>\n<\/div>\n<\/div>\n","protected":false},"excerpt":{"rendered":"Protection des donn\u00e9es Responsable de la collecte, du traitement et de l\u2019utilisation de vos donn\u00e9es personnelles au sens de l\u2019article 4 n \u00b0 7 du RGPD PHARMACIE SCHUNCK Tel.: +32 (0)87 74 20 54 E-Mail: info@apotheke-schunck.com Si vous souhaitez vous opposer \u00e0 la collecte, au traitement ou \u00e0 l&#8217;utilisation de vos donn\u00e9es par nos soins [&hellip;]","protected":false},"author":1,"featured_media":0,"parent":0,"menu_order":0,"comment_status":"closed","ping_status":"closed","template":"","meta":{"_acf_changed":false,"footnotes":""},"class_list":["post-287","page","type-page","status-publish","hentry"],"acf":[],"_links":{"self":[{"href":"https:\/\/apotheke-schunck.com\/fr\/wp-json\/wp\/v2\/pages\/287","targetHints":{"allow":["GET"]}}],"collection":[{"href":"https:\/\/apotheke-schunck.com\/fr\/wp-json\/wp\/v2\/pages"}],"about":[{"href":"https:\/\/apotheke-schunck.com\/fr\/wp-json\/wp\/v2\/types\/page"}],"author":[{"embeddable":true,"href":"https:\/\/apotheke-schunck.com\/fr\/wp-json\/wp\/v2\/users\/1"}],"replies":[{"embeddable":true,"href":"https:\/\/apotheke-schunck.com\/fr\/wp-json\/wp\/v2\/comments?post=287"}],"version-history":[{"count":8,"href":"https:\/\/apotheke-schunck.com\/fr\/wp-json\/wp\/v2\/pages\/287\/revisions"}],"predecessor-version":[{"id":473,"href":"https:\/\/apotheke-schunck.com\/fr\/wp-json\/wp\/v2\/pages\/287\/revisions\/473"}],"wp:attachment":[{"href":"https:\/\/apotheke-schunck.com\/fr\/wp-json\/wp\/v2\/media?parent=287"}],"curies":[{"name":"wp","href":"https:\/\/api.w.org\/{rel}","templated":true}]}}